{"id":4,"date":"2022-10-24T16:28:30","date_gmt":"2022-10-24T16:28:30","guid":{"rendered":"https:\/\/weinhofmann.de\/?page_id=4"},"modified":"2022-10-24T22:24:15","modified_gmt":"2022-10-24T22:24:15","slug":"willkommen-auf-https-weinhofmann-de","status":"publish","type":"page","link":"https:\/\/weinhofmann.de\/?page_id=4","title":{"rendered":"\u00dcber mich"},"content":{"rendered":"<div class=\"wp-block-image\">\n<figure class=\"alignleft size-full is-resized\"><img loading=\"lazy\" src=\"https:\/\/weinhofmann.de\/wp-content\/uploads\/2022\/10\/passbild-edited.jpg\" alt=\"\" class=\"wp-image-39\" width=\"147\" height=\"212\" srcset=\"https:\/\/weinhofmann.de\/wp-content\/uploads\/2022\/10\/passbild-edited.jpg 602w, https:\/\/weinhofmann.de\/wp-content\/uploads\/2022\/10\/passbild-edited-208x300.jpg 208w\" sizes=\"(max-width: 147px) 100vw, 147px\" \/><\/figure><\/div>\n\n\n<p class=\"has-medium-font-size\">Mein Name ist Justus Hofmann und ich bin IHK gepr\u00fcfter Sommelier und gelernter Hotelfachmann.<\/p>\n\n\n\n<p class=\"has-medium-font-size\">Ich stelle Ihnen gerne meine Dienste zur Verf\u00fcgung, wenn es um Wein geht und andere Bereiche der Gastronomie.<\/p>\n\n\n\n<p class=\"has-medium-font-size\"><\/p>\n\n\n\n<p class=\"has-medium-font-size\">Zu dem entf\u00fchre ich Sie gerne in meine pers\u00f6nlichen Entdeckungen mit unregelm\u00e4\u00dfigen Beitr\u00e4gen auf meiner Webseite und auf Instagram.<\/p>\n","protected":false},"excerpt":{"rendered":"<p>Mein Name ist Justus Hofmann und ich bin IHK gepr\u00fcfter Sommelier und gelernter Hotelfachmann. Ich stelle Ihnen gerne meine Dienste zur Verf\u00fcgung, wenn es um Wein geht und andere Bereiche der Gastronomie. Zu dem entf\u00fchre ich Sie gerne in meine pers\u00f6nlichen Entdeckungen mit unregelm\u00e4\u00dfigen Beitr\u00e4gen auf meiner Webseite und auf Instagram.<\/p>\n","protected":false},"author":1,"featured_media":0,"parent":0,"menu_order":0,"comment_status":"closed","ping_status":"open","template":"","meta":[],"_links":{"self":[{"href":"https:\/\/weinhofmann.de\/index.php?rest_route=\/wp\/v2\/pages\/4"}],"collection":[{"href":"https:\/\/weinhofmann.de\/index.php?rest_route=\/wp\/v2\/pages"}],"about":[{"href":"https:\/\/weinhofmann.de\/index.php?rest_route=\/wp\/v2\/types\/page"}],"author":[{"embeddable":true,"href":"https:\/\/weinhofmann.de\/index.php?rest_route=\/wp\/v2\/users\/1"}],"replies":[{"embeddable":true,"href":"https:\/\/weinhofmann.de\/index.php?rest_route=%2Fwp%2Fv2%2Fcomments&post=4"}],"version-history":[{"count":5,"href":"https:\/\/weinhofmann.de\/index.php?rest_route=\/wp\/v2\/pages\/4\/revisions"}],"predecessor-version":[{"id":40,"href":"https:\/\/weinhofmann.de\/index.php?rest_route=\/wp\/v2\/pages\/4\/revisions\/40"}],"wp:attachment":[{"href":"https:\/\/weinhofmann.de\/index.php?rest_route=%2Fwp%2Fv2%2Fmedia&parent=4"}],"curies":[{"name":"wp","href":"https:\/\/api.w.org\/{rel}","templated":true}]}}